{"id":70,"date":"2025-03-31T08:15:22","date_gmt":"2025-03-31T06:15:22","guid":{"rendered":"https:\/\/amar.yamedia.fi\/OyHMolander\/wordpress\/?page_id=70"},"modified":"2025-03-31T08:15:22","modified_gmt":"2025-03-31T06:15:22","slug":"tjanster","status":"publish","type":"page","link":"https:\/\/amar.yamedia.fi\/OyHMolander\/wordpress\/tjanster\/","title":{"rendered":"Tj\u00e4nster"},"content":{"rendered":"\n<h1 class=\"wp-block-heading has-text-align-center\">Transport Och Entreprenadtj\u00e4nster<\/h1>\n\n\n\n<p class=\"has-text-align-center\">Vi utf\u00f6r en m\u00e4ngd olika uppdrag beroende p\u00e5 \u00e5rstid, men v\u00e5r huvudsakliga verksamhet best\u00e5r av jordbyggnadstransporter under sommarhalv\u00e5ret och grus- och sn\u00f6arbeten under vintern. Genom \u00e5ren har vi byggt upp en bred kompetens inom transport och entreprenadtj\u00e4nster, vilket g\u00f6r oss till en p\u00e5litlig samarbetspartner f\u00f6r b\u00e5de f\u00f6retag och privatpersoner i Kokkola och dess omnejd.<\/p>\n\n\n\n<h1 class=\"wp-block-heading has-text-align-center\">St\u00e4dning Av V\u00e4gar<\/h1>\n\n\n\n<p class=\"has-text-align-center\">Under vintern fokuserar vi p\u00e5 att h\u00e5lla v\u00e4gar, fastigheter och g\u00e5rdsplaner fria fr\u00e5n sn\u00f6 och is. Vi erbjuder professionell sn\u00f6r\u00f6jning av fastigheter, plogning av v\u00e4gar och g\u00e5rdsplaner samt sn\u00f6bortk\u00f6rning n\u00e4r sn\u00f6m\u00e4ngden blir f\u00f6r stor. F\u00f6r att s\u00e4kerst\u00e4lla att ytorna h\u00e5lls rena och framkomliga erbjuder vi \u00e4ven maskinell borstning av v\u00e4gar, parkeringsplatser och andra omr\u00e5den d\u00e4r sn\u00f6 och slask kan skapa problem. Med v\u00e5r moderna maskinpark och effektiva arbetsmetoder kan vi hantera \u00e4ven de mest kr\u00e4vande vinterf\u00f6rh\u00e5llandena i Kokkola och dess omgivningar.<\/p>\n\n\n\n<div style=\"height:15px\" aria-hidden=\"true\" class=\"wp-block-spacer\"><\/div>\n\n\n\n<figure class=\"wp-block-gallery has-nested-images columns-default is-cropped wp-block-gallery-1 is-layout-flex wp-block-gallery-is-layout-flex\">\n<figure class=\"wp-block-image size-large\"><a href=\"https:\/\/www.hmolander.fi\/\"><img loading=\"lazy\" decoding=\"async\" width=\"768\" height=\"1024\" data-id=\"141\" src=\"https:\/\/amar.yamedia.fi\/OyHMolander\/wordpress\/wp-content\/uploads\/2025\/03\/redigerad8-2-768x1024.jpg\" alt=\"en bild av en skopa traktorn som s\u00e4tter i sn\u00f6n i lastbilen\" class=\"wp-image-141\" srcset=\"https:\/\/amar.yamedia.fi\/OyHMolander\/wordpress\/wp-content\/uploads\/2025\/03\/redigerad8-2-768x1024.jpg 768w, https:\/\/amar.yamedia.fi\/OyHMolander\/wordpress\/wp-content\/uploads\/2025\/03\/redigerad8-2-225x300.jpg 225w, https:\/\/amar.yamedia.fi\/OyHMolander\/wordpress\/wp-content\/uploads\/2025\/03\/redigerad8-2-1152x1536.jpg 1152w, https:\/\/amar.yamedia.fi\/OyHMolander\/wordpress\/wp-content\/uploads\/2025\/03\/redigerad8-2-1140x1520.jpg 1140w, https:\/\/amar.yamedia.fi\/OyHMolander\/wordpress\/wp-content\/uploads\/2025\/03\/redigerad8-2.jpg 1500w\" sizes=\"auto, (max-width: 768px) 100vw, 768px\" \/><\/a><\/figure>\n\n\n\n<figure class=\"wp-block-image size-large\"><a href=\"https:\/\/www.hmolander.fi\/\"><img loading=\"lazy\" decoding=\"async\" width=\"1024\" height=\"768\" data-id=\"142\" src=\"https:\/\/amar.yamedia.fi\/OyHMolander\/wordpress\/wp-content\/uploads\/2025\/03\/redigerad18-2-1024x768.jpg\" alt=\"en bild av en lastbils sn\u00f6plog\" class=\"wp-image-142\" srcset=\"https:\/\/amar.yamedia.fi\/OyHMolander\/wordpress\/wp-content\/uploads\/2025\/03\/redigerad18-2-1024x768.jpg 1024w, https:\/\/amar.yamedia.fi\/OyHMolander\/wordpress\/wp-content\/uploads\/2025\/03\/redigerad18-2-300x225.jpg 300w, https:\/\/amar.yamedia.fi\/OyHMolander\/wordpress\/wp-content\/uploads\/2025\/03\/redigerad18-2-768x576.jpg 768w, https:\/\/amar.yamedia.fi\/OyHMolander\/wordpress\/wp-content\/uploads\/2025\/03\/redigerad18-2-1536x1152.jpg 1536w, https:\/\/amar.yamedia.fi\/OyHMolander\/wordpress\/wp-content\/uploads\/2025\/03\/redigerad18-2-1140x855.jpg 1140w, https:\/\/amar.yamedia.fi\/OyHMolander\/wordpress\/wp-content\/uploads\/2025\/03\/redigerad18-2.jpg 1600w\" sizes=\"auto, (max-width: 1024px) 100vw, 1024px\" \/><\/a><\/figure>\n\n\n\n<figure class=\"wp-block-image size-large\"><a href=\"https:\/\/www.hmolander.fi\/\"><img loading=\"lazy\" decoding=\"async\" width=\"1024\" height=\"768\" data-id=\"149\" src=\"https:\/\/amar.yamedia.fi\/OyHMolander\/wordpress\/wp-content\/uploads\/2025\/03\/redigerad10-1024x768.jpg\" alt=\"en foto av en lastbil och en skoptraktorn bakom v\u00e4ggen\" class=\"wp-image-149\" srcset=\"https:\/\/amar.yamedia.fi\/OyHMolander\/wordpress\/wp-content\/uploads\/2025\/03\/redigerad10-1024x768.jpg 1024w, https:\/\/amar.yamedia.fi\/OyHMolander\/wordpress\/wp-content\/uploads\/2025\/03\/redigerad10-300x225.jpg 300w, https:\/\/amar.yamedia.fi\/OyHMolander\/wordpress\/wp-content\/uploads\/2025\/03\/redigerad10-768x576.jpg 768w, https:\/\/amar.yamedia.fi\/OyHMolander\/wordpress\/wp-content\/uploads\/2025\/03\/redigerad10-1536x1152.jpg 1536w, https:\/\/amar.yamedia.fi\/OyHMolander\/wordpress\/wp-content\/uploads\/2025\/03\/redigerad10-1140x855.jpg 1140w, https:\/\/amar.yamedia.fi\/OyHMolander\/wordpress\/wp-content\/uploads\/2025\/03\/redigerad10.jpg 2000w\" sizes=\"auto, (max-width: 1024px) 100vw, 1024px\" \/><\/a><\/figure>\n<\/figure>\n\n\n\n<div style=\"height:16px\" aria-hidden=\"true\" class=\"wp-block-spacer\"><\/div>\n\n\n\n<h1 class=\"wp-block-heading has-text-align-center\">Jordbyggnadstransporter Och Grusleveranser<\/h1>\n\n\n\n<p class=\"has-text-align-center\">N\u00e4r sn\u00f6n sm\u00e4lter och v\u00e5ren tar vid, \u00f6verg\u00e5r v\u00e5rt fokus till jordbyggnadstransporter och grusleveranser. Vi transporterar material s\u00e5som grus, sand och jord till olika bygg- och anl\u00e4ggningsprojekt. Vi samarbetar med b\u00e5de f\u00f6retag och privatpersoner f\u00f6r att s\u00e4kerst\u00e4lla att r\u00e4tt material levereras i r\u00e4tt tid och i r\u00e4tt m\u00e4ngd. V\u00e5ra tj\u00e4nster anpassas efter kundens behov, oavsett om det handlar om mindre markarbeten eller st\u00f6rre entreprenader.<\/p>\n\n\n\n<h1 class=\"wp-block-heading has-text-align-center\">Professionella Tj\u00e4nster<\/h1>\n\n\n\n<p class=\"has-text-align-center\">Vi \u00e4r stolta \u00f6ver att kunna p\u00e5litliga och professionella tj\u00e4nster \u00e5ret runt i Kokkola och hela Mellersta \u00d6sterbotten. Tack vare v\u00e5r l\u00e5nga erfarenhet, flexibilitet och engagemang kan vi alltid garantera h\u00f6g kvalitet och effektiva l\u00f6sningar f\u00f6r v\u00e5ra kunder.<\/p>\n\n\n\n<p class=\"has-text-align-center\">Tveka inte att kontakta oss om du beh\u00f6ver hj\u00e4lp med transport, grus- och sn\u00f6arbeten eller andra tj\u00e4nster. Vi ser fram emot att samarbeta med dig!<\/p>\n\n\n\n<p class=\"has-text-align-center\">Hoppas vi ses!<\/p>\n\n\n\n<figure class=\"wp-block-image size-large\"><a href=\"https:\/\/www.hmolander.fi\/\"><img loading=\"lazy\" decoding=\"async\" width=\"1024\" height=\"1024\" src=\"https:\/\/amar.yamedia.fi\/OyHMolander\/wordpress\/wp-content\/uploads\/2025\/03\/redigerad22-2-1024x1024.jpg\" alt=\"en bild av en lastbils sn\u00f6plog till sidan\" class=\"wp-image-139\" srcset=\"https:\/\/amar.yamedia.fi\/OyHMolander\/wordpress\/wp-content\/uploads\/2025\/03\/redigerad22-2-1024x1024.jpg 1024w, https:\/\/amar.yamedia.fi\/OyHMolander\/wordpress\/wp-content\/uploads\/2025\/03\/redigerad22-2-300x300.jpg 300w, https:\/\/amar.yamedia.fi\/OyHMolander\/wordpress\/wp-content\/uploads\/2025\/03\/redigerad22-2-150x150.jpg 150w, https:\/\/amar.yamedia.fi\/OyHMolander\/wordpress\/wp-content\/uploads\/2025\/03\/redigerad22-2-768x768.jpg 768w, https:\/\/amar.yamedia.fi\/OyHMolander\/wordpress\/wp-content\/uploads\/2025\/03\/redigerad22-2-1140x1140.jpg 1140w, https:\/\/amar.yamedia.fi\/OyHMolander\/wordpress\/wp-content\/uploads\/2025\/03\/redigerad22-2-75x75.jpg 75w, https:\/\/amar.yamedia.fi\/OyHMolander\/wordpress\/wp-content\/uploads\/2025\/03\/redigerad22-2.jpg 1472w\" sizes=\"auto, (max-width: 1024px) 100vw, 1024px\" \/><\/a><\/figure>\n\n\n\n<p class=\"has-text-align-center\"><a href=\"https:\/\/amar.yamedia.fi\/OyHMolander\/wordpress\/\">Tillbaka till hemsidan<\/a><\/p>\n\n\n\n<p><\/p>\n","protected":false},"excerpt":{"rendered":"<p>Transport Och Entreprenadtj\u00e4nster Vi utf\u00f6r en m\u00e4ngd olika uppdrag beroende p\u00e5 \u00e5rstid, men v\u00e5r huvudsakliga verksamhet best\u00e5r av jordbyggnadstransporter under sommarhalv\u00e5ret och grus- och sn\u00f6arbeten under vintern. Genom \u00e5ren har vi byggt upp en bred kompetens inom transport och entreprenadtj\u00e4nster, vilket g\u00f6r oss till en p\u00e5litlig samarbetspartner f\u00f6r b\u00e5de f\u00f6retag och privatpersoner i Kokkola och dess omnejd. St\u00e4dning Av V\u00e4gar Under vintern fokuserar vi p\u00e5 att h\u00e5lla v\u00e4gar, fastigheter och g\u00e5rdsplaner fria fr\u00e5n sn\u00f6 och is. Vi erbjuder professionell sn\u00f6r\u00f6jning av fastigheter, plogning av v\u00e4gar och g\u00e5rdsplaner samt sn\u00f6bortk\u00f6rning n\u00e4r sn\u00f6m\u00e4ngden blir f\u00f6r stor. F\u00f6r att s\u00e4kerst\u00e4lla att ytorna h\u00e5lls rena och framkomliga erbjuder vi \u00e4ven maskinell borstning av v\u00e4gar, parkeringsplatser och andra omr\u00e5den d\u00e4r sn\u00f6 och slask kan skapa problem. Med v\u00e5r moderna maskinpark och effektiva arbetsmetoder kan vi hantera \u00e4ven de mest kr\u00e4vande vinterf\u00f6rh\u00e5llandena i Kokkola och dess omgivningar. Jordbyggnadstransporter Och Grusleveranser N\u00e4r sn\u00f6n sm\u00e4lter och v\u00e5ren tar vid, \u00f6verg\u00e5r v\u00e5rt fokus till jordbyggnadstransporter och grusleveranser. Vi transporterar material s\u00e5som grus, sand och jord till olika bygg- och anl\u00e4ggningsprojekt. Vi samarbetar med b\u00e5de f\u00f6retag och privatpersoner f\u00f6r att s\u00e4kerst\u00e4lla att r\u00e4tt material levereras i r\u00e4tt tid och i r\u00e4tt m\u00e4ngd. V\u00e5ra tj\u00e4nster anpassas efter kundens behov, oavsett om det handlar om mindre markarbeten eller st\u00f6rre entreprenader. Professionella Tj\u00e4nster Vi \u00e4r stolta \u00f6ver att kunna p\u00e5litliga och professionella tj\u00e4nster \u00e5ret runt i Kokkola och hela Mellersta \u00d6sterbotten. Tack vare v\u00e5r l\u00e5nga erfarenhet, flexibilitet och engagemang kan vi alltid garantera h\u00f6g kvalitet och effektiva l\u00f6sningar f\u00f6r v\u00e5ra kunder. Tveka inte att kontakta oss om du beh\u00f6ver hj\u00e4lp med transport, grus- och sn\u00f6arbeten eller andra tj\u00e4nster. Vi ser fram emot att samarbeta med dig! Hoppas vi ses! Tillbaka till hemsidan<\/p>\n","protected":false},"author":1,"featured_media":0,"parent":0,"menu_order":0,"comment_status":"closed","ping_status":"closed","template":"","meta":{"footnotes":""},"class_list":["post-70","page","type-page","status-publish","hentry"],"yoast_head":"<!-- This site is optimized with the Yoast SEO plugin v24.7 - https:\/\/yoast.com\/wordpress\/plugins\/seo\/ -->\n<title>Tj\u00e4nster - Oy H Molander<\/title>\n<meta name=\"description\" content=\"F\u00f6rs\u00f6k och see vad vi har p\u00e5 g\u00e5ng med v\u00e5ra tj\u00e4nster om grus och sn\u00f6\" \/>\n<meta name=\"robots\" content=\"index, follow, max-snippet:-1, max-image-preview:large, max-video-preview:-1\" \/>\n<link rel=\"canonical\" href=\"https:\/\/amar.yamedia.fi\/OyHMolander\/wordpress\/tjanster\/\" \/>\n<meta property=\"og:locale\" content=\"sv_SE\" \/>\n<meta property=\"og:type\" content=\"article\" \/>\n<meta property=\"og:title\" content=\"Tj\u00e4nster - Oy H Molander\" \/>\n<meta property=\"og:description\" content=\"F\u00f6rs\u00f6k och see vad vi har p\u00e5 g\u00e5ng med v\u00e5ra tj\u00e4nster om grus och sn\u00f6\" \/>\n<meta property=\"og:url\" content=\"https:\/\/amar.yamedia.fi\/OyHMolander\/wordpress\/tjanster\/\" \/>\n<meta property=\"og:site_name\" content=\"Oy H Molander\" \/>\n<meta property=\"article:publisher\" content=\"https:\/\/www.facebook.com\/h.molander\" \/>\n<meta property=\"og:image\" content=\"https:\/\/amar.yamedia.fi\/OyHMolander\/wordpress\/wp-content\/uploads\/2025\/03\/redigerad8-2.jpg\" \/>\n\t<meta property=\"og:image:width\" content=\"1500\" \/>\n\t<meta property=\"og:image:height\" content=\"2000\" \/>\n\t<meta property=\"og:image:type\" content=\"image\/jpeg\" \/>\n<meta name=\"twitter:card\" content=\"summary_large_image\" \/>\n<meta name=\"twitter:label1\" content=\"Ber\u00e4knad l\u00e4stid\" \/>\n\t<meta name=\"twitter:data1\" content=\"3 minuter\" \/>\n<script type=\"application\/ld+json\" class=\"yoast-schema-graph\">{\"@context\":\"https:\/\/schema.org\",\"@graph\":[{\"@type\":\"WebPage\",\"@id\":\"https:\/\/amar.yamedia.fi\/OyHMolander\/wordpress\/tjanster\/\",\"url\":\"https:\/\/amar.yamedia.fi\/OyHMolander\/wordpress\/tjanster\/\",\"name\":\"Tj\u00e4nster - Oy H Molander\",\"isPartOf\":{\"@id\":\"https:\/\/amar.yamedia.fi\/OyHMolander\/wordpress\/#website\"},\"primaryImageOfPage\":{\"@id\":\"https:\/\/amar.yamedia.fi\/OyHMolander\/wordpress\/tjanster\/#primaryimage\"},\"image\":{\"@id\":\"https:\/\/amar.yamedia.fi\/OyHMolander\/wordpress\/tjanster\/#primaryimage\"},\"thumbnailUrl\":\"https:\/\/amar.yamedia.fi\/OyHMolander\/wordpress\/wp-content\/uploads\/2025\/03\/redigerad8-2-768x1024.jpg\",\"datePublished\":\"2025-03-31T06:15:22+00:00\",\"description\":\"F\u00f6rs\u00f6k och see vad vi har p\u00e5 g\u00e5ng med v\u00e5ra tj\u00e4nster om grus och sn\u00f6\",\"breadcrumb\":{\"@id\":\"https:\/\/amar.yamedia.fi\/OyHMolander\/wordpress\/tjanster\/#breadcrumb\"},\"inLanguage\":\"sv-SE\",\"potentialAction\":[{\"@type\":\"ReadAction\",\"target\":[\"https:\/\/amar.yamedia.fi\/OyHMolander\/wordpress\/tjanster\/\"]}]},{\"@type\":\"ImageObject\",\"inLanguage\":\"sv-SE\",\"@id\":\"https:\/\/amar.yamedia.fi\/OyHMolander\/wordpress\/tjanster\/#primaryimage\",\"url\":\"https:\/\/amar.yamedia.fi\/OyHMolander\/wordpress\/wp-content\/uploads\/2025\/03\/redigerad8-2.jpg\",\"contentUrl\":\"https:\/\/amar.yamedia.fi\/OyHMolander\/wordpress\/wp-content\/uploads\/2025\/03\/redigerad8-2.jpg\",\"width\":1500,\"height\":2000},{\"@type\":\"BreadcrumbList\",\"@id\":\"https:\/\/amar.yamedia.fi\/OyHMolander\/wordpress\/tjanster\/#breadcrumb\",\"itemListElement\":[{\"@type\":\"ListItem\",\"position\":1,\"name\":\"Hem\",\"item\":\"https:\/\/amar.yamedia.fi\/OyHMolander\/wordpress\/\"},{\"@type\":\"ListItem\",\"position\":2,\"name\":\"Tj\u00e4nster\"}]},{\"@type\":\"WebSite\",\"@id\":\"https:\/\/amar.yamedia.fi\/OyHMolander\/wordpress\/#website\",\"url\":\"https:\/\/amar.yamedia.fi\/OyHMolander\/wordpress\/\",\"name\":\"Oy H Molander\",\"description\":\"\",\"publisher\":{\"@id\":\"https:\/\/amar.yamedia.fi\/OyHMolander\/wordpress\/#organization\"},\"potentialAction\":[{\"@type\":\"SearchAction\",\"target\":{\"@type\":\"EntryPoint\",\"urlTemplate\":\"https:\/\/amar.yamedia.fi\/OyHMolander\/wordpress\/?s={search_term_string}\"},\"query-input\":{\"@type\":\"PropertyValueSpecification\",\"valueRequired\":true,\"valueName\":\"search_term_string\"}}],\"inLanguage\":\"sv-SE\"},{\"@type\":\"Organization\",\"@id\":\"https:\/\/amar.yamedia.fi\/OyHMolander\/wordpress\/#organization\",\"name\":\"Oy H Molander\",\"url\":\"https:\/\/amar.yamedia.fi\/OyHMolander\/wordpress\/\",\"logo\":{\"@type\":\"ImageObject\",\"inLanguage\":\"sv-SE\",\"@id\":\"https:\/\/amar.yamedia.fi\/OyHMolander\/wordpress\/#\/schema\/logo\/image\/\",\"url\":\"https:\/\/amar.yamedia.fi\/OyHMolander\/wordpress\/wp-content\/uploads\/2025\/03\/cropped-cropped-cropped-Untitled-design-2.png\",\"contentUrl\":\"https:\/\/amar.yamedia.fi\/OyHMolander\/wordpress\/wp-content\/uploads\/2025\/03\/cropped-cropped-cropped-Untitled-design-2.png\",\"width\":3374,\"height\":595,\"caption\":\"Oy H Molander\"},\"image\":{\"@id\":\"https:\/\/amar.yamedia.fi\/OyHMolander\/wordpress\/#\/schema\/logo\/image\/\"},\"sameAs\":[\"https:\/\/www.facebook.com\/h.molander\",\"https:\/\/www.hmolander.fi\",\"https:\/\/www.instagram.com\/oyhmolanderab\"]}]}<\/script>\n<!-- \/ Yoast SEO plugin. -->","yoast_head_json":{"title":"Tj\u00e4nster - Oy H Molander","description":"F\u00f6rs\u00f6k och see vad vi har p\u00e5 g\u00e5ng med v\u00e5ra tj\u00e4nster om grus och sn\u00f6","robots":{"index":"index","follow":"follow","max-snippet":"max-snippet:-1","max-image-preview":"max-image-preview:large","max-video-preview":"max-video-preview:-1"},"canonical":"https:\/\/amar.yamedia.fi\/OyHMolander\/wordpress\/tjanster\/","og_locale":"sv_SE","og_type":"article","og_title":"Tj\u00e4nster - Oy H Molander","og_description":"F\u00f6rs\u00f6k och see vad vi har p\u00e5 g\u00e5ng med v\u00e5ra tj\u00e4nster om grus och sn\u00f6","og_url":"https:\/\/amar.yamedia.fi\/OyHMolander\/wordpress\/tjanster\/","og_site_name":"Oy H Molander","article_publisher":"https:\/\/www.facebook.com\/h.molander","og_image":[{"width":1500,"height":2000,"url":"https:\/\/amar.yamedia.fi\/OyHMolander\/wordpress\/wp-content\/uploads\/2025\/03\/redigerad8-2.jpg","type":"image\/jpeg"}],"twitter_card":"summary_large_image","twitter_misc":{"Ber\u00e4knad l\u00e4stid":"3 minuter"},"schema":{"@context":"https:\/\/schema.org","@graph":[{"@type":"WebPage","@id":"https:\/\/amar.yamedia.fi\/OyHMolander\/wordpress\/tjanster\/","url":"https:\/\/amar.yamedia.fi\/OyHMolander\/wordpress\/tjanster\/","name":"Tj\u00e4nster - Oy H Molander","isPartOf":{"@id":"https:\/\/amar.yamedia.fi\/OyHMolander\/wordpress\/#website"},"primaryImageOfPage":{"@id":"https:\/\/amar.yamedia.fi\/OyHMolander\/wordpress\/tjanster\/#primaryimage"},"image":{"@id":"https:\/\/amar.yamedia.fi\/OyHMolander\/wordpress\/tjanster\/#primaryimage"},"thumbnailUrl":"https:\/\/amar.yamedia.fi\/OyHMolander\/wordpress\/wp-content\/uploads\/2025\/03\/redigerad8-2-768x1024.jpg","datePublished":"2025-03-31T06:15:22+00:00","description":"F\u00f6rs\u00f6k och see vad vi har p\u00e5 g\u00e5ng med v\u00e5ra tj\u00e4nster om grus och sn\u00f6","breadcrumb":{"@id":"https:\/\/amar.yamedia.fi\/OyHMolander\/wordpress\/tjanster\/#breadcrumb"},"inLanguage":"sv-SE","potentialAction":[{"@type":"ReadAction","target":["https:\/\/amar.yamedia.fi\/OyHMolander\/wordpress\/tjanster\/"]}]},{"@type":"ImageObject","inLanguage":"sv-SE","@id":"https:\/\/amar.yamedia.fi\/OyHMolander\/wordpress\/tjanster\/#primaryimage","url":"https:\/\/amar.yamedia.fi\/OyHMolander\/wordpress\/wp-content\/uploads\/2025\/03\/redigerad8-2.jpg","contentUrl":"https:\/\/amar.yamedia.fi\/OyHMolander\/wordpress\/wp-content\/uploads\/2025\/03\/redigerad8-2.jpg","width":1500,"height":2000},{"@type":"BreadcrumbList","@id":"https:\/\/amar.yamedia.fi\/OyHMolander\/wordpress\/tjanster\/#breadcrumb","itemListElement":[{"@type":"ListItem","position":1,"name":"Hem","item":"https:\/\/amar.yamedia.fi\/OyHMolander\/wordpress\/"},{"@type":"ListItem","position":2,"name":"Tj\u00e4nster"}]},{"@type":"WebSite","@id":"https:\/\/amar.yamedia.fi\/OyHMolander\/wordpress\/#website","url":"https:\/\/amar.yamedia.fi\/OyHMolander\/wordpress\/","name":"Oy H Molander","description":"","publisher":{"@id":"https:\/\/amar.yamedia.fi\/OyHMolander\/wordpress\/#organization"},"potentialAction":[{"@type":"SearchAction","target":{"@type":"EntryPoint","urlTemplate":"https:\/\/amar.yamedia.fi\/OyHMolander\/wordpress\/?s={search_term_string}"},"query-input":{"@type":"PropertyValueSpecification","valueRequired":true,"valueName":"search_term_string"}}],"inLanguage":"sv-SE"},{"@type":"Organization","@id":"https:\/\/amar.yamedia.fi\/OyHMolander\/wordpress\/#organization","name":"Oy H Molander","url":"https:\/\/amar.yamedia.fi\/OyHMolander\/wordpress\/","logo":{"@type":"ImageObject","inLanguage":"sv-SE","@id":"https:\/\/amar.yamedia.fi\/OyHMolander\/wordpress\/#\/schema\/logo\/image\/","url":"https:\/\/amar.yamedia.fi\/OyHMolander\/wordpress\/wp-content\/uploads\/2025\/03\/cropped-cropped-cropped-Untitled-design-2.png","contentUrl":"https:\/\/amar.yamedia.fi\/OyHMolander\/wordpress\/wp-content\/uploads\/2025\/03\/cropped-cropped-cropped-Untitled-design-2.png","width":3374,"height":595,"caption":"Oy H Molander"},"image":{"@id":"https:\/\/amar.yamedia.fi\/OyHMolander\/wordpress\/#\/schema\/logo\/image\/"},"sameAs":["https:\/\/www.facebook.com\/h.molander","https:\/\/www.hmolander.fi","https:\/\/www.instagram.com\/oyhmolanderab"]}]}},"_links":{"self":[{"href":"https:\/\/amar.yamedia.fi\/OyHMolander\/wordpress\/wp-json\/wp\/v2\/pages\/70","targetHints":{"allow":["GET"]}}],"collection":[{"href":"https:\/\/amar.yamedia.fi\/OyHMolander\/wordpress\/wp-json\/wp\/v2\/pages"}],"about":[{"href":"https:\/\/amar.yamedia.fi\/OyHMolander\/wordpress\/wp-json\/wp\/v2\/types\/page"}],"author":[{"embeddable":true,"href":"https:\/\/amar.yamedia.fi\/OyHMolander\/wordpress\/wp-json\/wp\/v2\/users\/1"}],"replies":[{"embeddable":true,"href":"https:\/\/amar.yamedia.fi\/OyHMolander\/wordpress\/wp-json\/wp\/v2\/comments?post=70"}],"version-history":[{"count":14,"href":"https:\/\/amar.yamedia.fi\/OyHMolander\/wordpress\/wp-json\/wp\/v2\/pages\/70\/revisions"}],"predecessor-version":[{"id":218,"href":"https:\/\/amar.yamedia.fi\/OyHMolander\/wordpress\/wp-json\/wp\/v2\/pages\/70\/revisions\/218"}],"wp:attachment":[{"href":"https:\/\/amar.yamedia.fi\/OyHMolander\/wordpress\/wp-json\/wp\/v2\/media?parent=70"}],"curies":[{"name":"wp","href":"https:\/\/api.w.org\/{rel}","templated":true}]}}