{"id":78,"date":"2025-03-31T08:15:22","date_gmt":"2025-03-31T06:15:22","guid":{"rendered":"https:\/\/amar.yamedia.fi\/OyHMolander\/wordpress\/?page_id=78"},"modified":"2025-03-31T08:15:22","modified_gmt":"2025-03-31T06:15:22","slug":"kontakt","status":"publish","type":"page","link":"https:\/\/amar.yamedia.fi\/OyHMolander\/wordpress\/kontakt\/","title":{"rendered":"Kontakt"},"content":{"rendered":"\n<div class=\"wp-block-group is-nowrap is-layout-flex wp-container-core-group-is-layout-ad2f72ca wp-block-group-is-layout-flex\">\n<iframe src=\"https:\/\/www.google.com\/maps\/embed?pb=!1m18!1m12!1m3!1d1764.5112426456808!2d23.232003877511588!3d63.75224604948437!2m3!1f0!2f0!3f0!3m2!1i1024!2i768!4f13.1!3m3!1m2!1s0x4687385c1c36b25f%3A0x24f8815504e1302!2sOy%20H.%20Molander%20Ab!5e0!3m2!1sen!2sfi!4v1742554787009!5m2!1sen!2sfi\" width=\"600\" height=\"450\" style=\"border:0;\" allowfullscreen=\"\" loading=\"lazy\" referrerpolicy=\"no-referrer-when-downgrade\"><\/iframe>\n\n\n\n<div class=\"wp-block-group\"><div class=\"wp-block-group__inner-container is-layout-constrained wp-block-group-is-layout-constrained\">\n<p class=\"has-text-align-center\">Oy H Molander Ab, \u00d6vres\u00e5kav\u00e4gen 246, Kokkola 67500 Karleby.<br>Fo.nr. 0398494-9<br>Ulf Molander 0400-665896 f\u00f6retagare, arbetare.<br>Johan Molander 040-4847432 arbetare, f\u00f6retagare.<br><a href=\"mailto:puppe@pp.kpnet.fi\">puppe@pp.kpnet.fi<\/a><\/p>\n<\/div><\/div>\n<\/div>\n\n\n<div class=\"wpforms-container wpforms-container-full wpforms-block wpforms-block-8f58c181-33df-4ed6-b01c-ea7298c56ebd wpforms-render-modern\" id=\"wpforms-82\"><form id=\"wpforms-form-82\" class=\"wpforms-validate wpforms-form wpforms-ajax-form\" data-formid=\"82\" method=\"post\" enctype=\"multipart\/form-data\" action=\"\/OyHMolander\/wordpress\/wp-json\/wp\/v2\/pages\/78\" data-token=\"f019ac990a7a98706c52c9daf7bc141e\" data-token-time=\"1776381170\"><noscript class=\"wpforms-error-noscript\">Aktivera JavaScript i din webbl\u00e4sare f\u00f6r att slutf\u00f6ra detta formul\u00e4r.<\/noscript><div class=\"wpforms-hidden\" id=\"wpforms-error-noscript\">Aktivera JavaScript i din webbl\u00e4sare f\u00f6r att slutf\u00f6ra detta formul\u00e4r.<\/div><div class=\"wpforms-field-container\"><div id=\"wpforms-82-field_1-container\" class=\"wpforms-field wpforms-field-name\" data-field-id=\"1\"><fieldset><legend class=\"wpforms-field-label\">Namn <span class=\"wpforms-required-label\" aria-hidden=\"true\">*<\/span><\/legend><div class=\"wpforms-field-row wpforms-field-medium\"><div class=\"wpforms-field-row-block wpforms-first wpforms-one-half\"><input type=\"text\" id=\"wpforms-82-field_1\" class=\"wpforms-field-name-first wpforms-field-required\" name=\"wpforms[fields][1][first]\" aria-errormessage=\"wpforms-82-field_1-error\" required><label for=\"wpforms-82-field_1\" class=\"wpforms-field-sublabel after\">F\u00f6rst<\/label><\/div><div class=\"wpforms-field-row-block wpforms-one-half\"><input type=\"text\" id=\"wpforms-82-field_1-last\" class=\"wpforms-field-name-last wpforms-field-required\" name=\"wpforms[fields][1][last]\" aria-errormessage=\"wpforms-82-field_1-last-error\" required><label for=\"wpforms-82-field_1-last\" class=\"wpforms-field-sublabel after\">Sist<\/label><\/div><\/div><\/fieldset><\/div><div id=\"wpforms-82-field_2-container\" class=\"wpforms-field wpforms-field-email\" data-field-id=\"2\"><label class=\"wpforms-field-label\" for=\"wpforms-82-field_2\">E-post <span class=\"wpforms-required-label\" aria-hidden=\"true\">*<\/span><\/label><input type=\"email\" id=\"wpforms-82-field_2\" class=\"wpforms-field-medium wpforms-field-required\" name=\"wpforms[fields][2]\" spellcheck=\"false\" aria-errormessage=\"wpforms-82-field_2-error\" required><\/div><div id=\"wpforms-82-field_3-container\" class=\"wpforms-field wpforms-field-textarea\" data-field-id=\"3\"><label class=\"wpforms-field-label\" for=\"wpforms-82-field_3\">Kommentar eller meddelande<\/label><textarea id=\"wpforms-82-field_3\" class=\"wpforms-field-medium\" name=\"wpforms[fields][3]\" aria-errormessage=\"wpforms-82-field_3-error\" ><\/textarea><\/div><\/div><!-- .wpforms-field-container --><div class=\"wpforms-submit-container\" ><input type=\"hidden\" name=\"wpforms[id]\" value=\"82\"><input type=\"hidden\" name=\"page_title\" value=\"\"><input type=\"hidden\" name=\"page_url\" value=\"https:\/\/amar.yamedia.fi\/OyHMolander\/wordpress\/wp-json\/wp\/v2\/pages\/78\"><input type=\"hidden\" name=\"url_referer\" value=\"\"><button type=\"submit\" name=\"wpforms[submit]\" id=\"wpforms-submit-82\" class=\"wpforms-submit\" data-alt-text=\"Skickar \u2026\" data-submit-text=\"Skicka\" aria-live=\"assertive\" value=\"wpforms-submit\">Skicka<\/button><img loading=\"lazy\" decoding=\"async\" src=\"https:\/\/amar.yamedia.fi\/OyHMolander\/wordpress\/wp-content\/plugins\/wpforms-lite\/assets\/images\/submit-spin.svg\" class=\"wpforms-submit-spinner\" style=\"display: none;\" width=\"26\" height=\"26\" alt=\"Laddar\"><\/div><\/form><\/div>  <!-- .wpforms-container -->\n\n\n<p class=\"has-text-align-center\"><a href=\"https:\/\/amar.yamedia.fi\/OyHMolander\/wordpress\/\">Tillbaka till hemsidan<\/a><\/p>\n","protected":false},"excerpt":{"rendered":"<p>Oy H Molander Ab, \u00d6vres\u00e5kav\u00e4gen 246, Kokkola 67500 Karleby.Fo.nr. 0398494-9Ulf Molander 0400-665896 f\u00f6retagare, arbetare.Johan Molander 040-4847432 arbetare, f\u00f6retagare.puppe@pp.kpnet.fi Tillbaka till hemsidan<\/p>\n","protected":false},"author":1,"featured_media":0,"parent":0,"menu_order":0,"comment_status":"closed","ping_status":"closed","template":"","meta":{"footnotes":""},"class_list":["post-78","page","type-page","status-publish","hentry"],"yoast_head":"<!-- This site is optimized with the Yoast SEO plugin v24.7 - https:\/\/yoast.com\/wordpress\/plugins\/seo\/ -->\n<title>Kontakt - Oy H Molander<\/title>\n<meta name=\"description\" content=\"H\u00e4r kan du kontaktera oss om det beh\u00f6vs hj\u00e4lp med grus och sn\u00f6 eller n\u00e5gonting annat\" \/>\n<meta name=\"robots\" content=\"index, follow, max-snippet:-1, max-image-preview:large, max-video-preview:-1\" \/>\n<link rel=\"canonical\" href=\"https:\/\/amar.yamedia.fi\/OyHMolander\/wordpress\/kontakt\/\" \/>\n<meta property=\"og:locale\" content=\"sv_SE\" \/>\n<meta property=\"og:type\" content=\"article\" \/>\n<meta property=\"og:title\" content=\"Kontakt - Oy H Molander\" \/>\n<meta property=\"og:description\" content=\"H\u00e4r kan du kontaktera oss om det beh\u00f6vs hj\u00e4lp med grus och sn\u00f6 eller n\u00e5gonting annat\" \/>\n<meta property=\"og:url\" content=\"https:\/\/amar.yamedia.fi\/OyHMolander\/wordpress\/kontakt\/\" \/>\n<meta property=\"og:site_name\" content=\"Oy H Molander\" \/>\n<meta property=\"article:publisher\" content=\"https:\/\/www.facebook.com\/h.molander\" \/>\n<meta name=\"twitter:card\" content=\"summary_large_image\" \/>\n<meta name=\"twitter:label1\" content=\"Ber\u00e4knad l\u00e4stid\" \/>\n\t<meta name=\"twitter:data1\" content=\"1 minut\" \/>\n<script type=\"application\/ld+json\" class=\"yoast-schema-graph\">{\"@context\":\"https:\/\/schema.org\",\"@graph\":[{\"@type\":\"WebPage\",\"@id\":\"https:\/\/amar.yamedia.fi\/OyHMolander\/wordpress\/kontakt\/\",\"url\":\"https:\/\/amar.yamedia.fi\/OyHMolander\/wordpress\/kontakt\/\",\"name\":\"Kontakt - Oy H Molander\",\"isPartOf\":{\"@id\":\"https:\/\/amar.yamedia.fi\/OyHMolander\/wordpress\/#website\"},\"datePublished\":\"2025-03-31T06:15:22+00:00\",\"description\":\"H\u00e4r kan du kontaktera oss om det beh\u00f6vs hj\u00e4lp med grus och sn\u00f6 eller n\u00e5gonting annat\",\"breadcrumb\":{\"@id\":\"https:\/\/amar.yamedia.fi\/OyHMolander\/wordpress\/kontakt\/#breadcrumb\"},\"inLanguage\":\"sv-SE\",\"potentialAction\":[{\"@type\":\"ReadAction\",\"target\":[\"https:\/\/amar.yamedia.fi\/OyHMolander\/wordpress\/kontakt\/\"]}]},{\"@type\":\"BreadcrumbList\",\"@id\":\"https:\/\/amar.yamedia.fi\/OyHMolander\/wordpress\/kontakt\/#breadcrumb\",\"itemListElement\":[{\"@type\":\"ListItem\",\"position\":1,\"name\":\"Hem\",\"item\":\"https:\/\/amar.yamedia.fi\/OyHMolander\/wordpress\/\"},{\"@type\":\"ListItem\",\"position\":2,\"name\":\"Kontakt\"}]},{\"@type\":\"WebSite\",\"@id\":\"https:\/\/amar.yamedia.fi\/OyHMolander\/wordpress\/#website\",\"url\":\"https:\/\/amar.yamedia.fi\/OyHMolander\/wordpress\/\",\"name\":\"Oy H Molander\",\"description\":\"\",\"publisher\":{\"@id\":\"https:\/\/amar.yamedia.fi\/OyHMolander\/wordpress\/#organization\"},\"potentialAction\":[{\"@type\":\"SearchAction\",\"target\":{\"@type\":\"EntryPoint\",\"urlTemplate\":\"https:\/\/amar.yamedia.fi\/OyHMolander\/wordpress\/?s={search_term_string}\"},\"query-input\":{\"@type\":\"PropertyValueSpecification\",\"valueRequired\":true,\"valueName\":\"search_term_string\"}}],\"inLanguage\":\"sv-SE\"},{\"@type\":\"Organization\",\"@id\":\"https:\/\/amar.yamedia.fi\/OyHMolander\/wordpress\/#organization\",\"name\":\"Oy H Molander\",\"url\":\"https:\/\/amar.yamedia.fi\/OyHMolander\/wordpress\/\",\"logo\":{\"@type\":\"ImageObject\",\"inLanguage\":\"sv-SE\",\"@id\":\"https:\/\/amar.yamedia.fi\/OyHMolander\/wordpress\/#\/schema\/logo\/image\/\",\"url\":\"https:\/\/amar.yamedia.fi\/OyHMolander\/wordpress\/wp-content\/uploads\/2025\/03\/cropped-cropped-cropped-Untitled-design-2.png\",\"contentUrl\":\"https:\/\/amar.yamedia.fi\/OyHMolander\/wordpress\/wp-content\/uploads\/2025\/03\/cropped-cropped-cropped-Untitled-design-2.png\",\"width\":3374,\"height\":595,\"caption\":\"Oy H Molander\"},\"image\":{\"@id\":\"https:\/\/amar.yamedia.fi\/OyHMolander\/wordpress\/#\/schema\/logo\/image\/\"},\"sameAs\":[\"https:\/\/www.facebook.com\/h.molander\",\"https:\/\/www.hmolander.fi\",\"https:\/\/www.instagram.com\/oyhmolanderab\"]}]}<\/script>\n<!-- \/ Yoast SEO plugin. -->","yoast_head_json":{"title":"Kontakt - Oy H Molander","description":"H\u00e4r kan du kontaktera oss om det beh\u00f6vs hj\u00e4lp med grus och sn\u00f6 eller n\u00e5gonting annat","robots":{"index":"index","follow":"follow","max-snippet":"max-snippet:-1","max-image-preview":"max-image-preview:large","max-video-preview":"max-video-preview:-1"},"canonical":"https:\/\/amar.yamedia.fi\/OyHMolander\/wordpress\/kontakt\/","og_locale":"sv_SE","og_type":"article","og_title":"Kontakt - Oy H Molander","og_description":"H\u00e4r kan du kontaktera oss om det beh\u00f6vs hj\u00e4lp med grus och sn\u00f6 eller n\u00e5gonting annat","og_url":"https:\/\/amar.yamedia.fi\/OyHMolander\/wordpress\/kontakt\/","og_site_name":"Oy H Molander","article_publisher":"https:\/\/www.facebook.com\/h.molander","twitter_card":"summary_large_image","twitter_misc":{"Ber\u00e4knad l\u00e4stid":"1 minut"},"schema":{"@context":"https:\/\/schema.org","@graph":[{"@type":"WebPage","@id":"https:\/\/amar.yamedia.fi\/OyHMolander\/wordpress\/kontakt\/","url":"https:\/\/amar.yamedia.fi\/OyHMolander\/wordpress\/kontakt\/","name":"Kontakt - Oy H Molander","isPartOf":{"@id":"https:\/\/amar.yamedia.fi\/OyHMolander\/wordpress\/#website"},"datePublished":"2025-03-31T06:15:22+00:00","description":"H\u00e4r kan du kontaktera oss om det beh\u00f6vs hj\u00e4lp med grus och sn\u00f6 eller n\u00e5gonting annat","breadcrumb":{"@id":"https:\/\/amar.yamedia.fi\/OyHMolander\/wordpress\/kontakt\/#breadcrumb"},"inLanguage":"sv-SE","potentialAction":[{"@type":"ReadAction","target":["https:\/\/amar.yamedia.fi\/OyHMolander\/wordpress\/kontakt\/"]}]},{"@type":"BreadcrumbList","@id":"https:\/\/amar.yamedia.fi\/OyHMolander\/wordpress\/kontakt\/#breadcrumb","itemListElement":[{"@type":"ListItem","position":1,"name":"Hem","item":"https:\/\/amar.yamedia.fi\/OyHMolander\/wordpress\/"},{"@type":"ListItem","position":2,"name":"Kontakt"}]},{"@type":"WebSite","@id":"https:\/\/amar.yamedia.fi\/OyHMolander\/wordpress\/#website","url":"https:\/\/amar.yamedia.fi\/OyHMolander\/wordpress\/","name":"Oy H Molander","description":"","publisher":{"@id":"https:\/\/amar.yamedia.fi\/OyHMolander\/wordpress\/#organization"},"potentialAction":[{"@type":"SearchAction","target":{"@type":"EntryPoint","urlTemplate":"https:\/\/amar.yamedia.fi\/OyHMolander\/wordpress\/?s={search_term_string}"},"query-input":{"@type":"PropertyValueSpecification","valueRequired":true,"valueName":"search_term_string"}}],"inLanguage":"sv-SE"},{"@type":"Organization","@id":"https:\/\/amar.yamedia.fi\/OyHMolander\/wordpress\/#organization","name":"Oy H Molander","url":"https:\/\/amar.yamedia.fi\/OyHMolander\/wordpress\/","logo":{"@type":"ImageObject","inLanguage":"sv-SE","@id":"https:\/\/amar.yamedia.fi\/OyHMolander\/wordpress\/#\/schema\/logo\/image\/","url":"https:\/\/amar.yamedia.fi\/OyHMolander\/wordpress\/wp-content\/uploads\/2025\/03\/cropped-cropped-cropped-Untitled-design-2.png","contentUrl":"https:\/\/amar.yamedia.fi\/OyHMolander\/wordpress\/wp-content\/uploads\/2025\/03\/cropped-cropped-cropped-Untitled-design-2.png","width":3374,"height":595,"caption":"Oy H Molander"},"image":{"@id":"https:\/\/amar.yamedia.fi\/OyHMolander\/wordpress\/#\/schema\/logo\/image\/"},"sameAs":["https:\/\/www.facebook.com\/h.molander","https:\/\/www.hmolander.fi","https:\/\/www.instagram.com\/oyhmolanderab"]}]}},"_links":{"self":[{"href":"https:\/\/amar.yamedia.fi\/OyHMolander\/wordpress\/wp-json\/wp\/v2\/pages\/78","targetHints":{"allow":["GET"]}}],"collection":[{"href":"https:\/\/amar.yamedia.fi\/OyHMolander\/wordpress\/wp-json\/wp\/v2\/pages"}],"about":[{"href":"https:\/\/amar.yamedia.fi\/OyHMolander\/wordpress\/wp-json\/wp\/v2\/types\/page"}],"author":[{"embeddable":true,"href":"https:\/\/amar.yamedia.fi\/OyHMolander\/wordpress\/wp-json\/wp\/v2\/users\/1"}],"replies":[{"embeddable":true,"href":"https:\/\/amar.yamedia.fi\/OyHMolander\/wordpress\/wp-json\/wp\/v2\/comments?post=78"}],"version-history":[{"count":9,"href":"https:\/\/amar.yamedia.fi\/OyHMolander\/wordpress\/wp-json\/wp\/v2\/pages\/78\/revisions"}],"predecessor-version":[{"id":212,"href":"https:\/\/amar.yamedia.fi\/OyHMolander\/wordpress\/wp-json\/wp\/v2\/pages\/78\/revisions\/212"}],"wp:attachment":[{"href":"https:\/\/amar.yamedia.fi\/OyHMolander\/wordpress\/wp-json\/wp\/v2\/media?parent=78"}],"curies":[{"name":"wp","href":"https:\/\/api.w.org\/{rel}","templated":true}]}}