{"id":95,"date":"2025-03-31T08:15:23","date_gmt":"2025-03-31T06:15:23","guid":{"rendered":"https:\/\/amar.yamedia.fi\/OyHMolander\/wordpress\/?page_id=95"},"modified":"2025-03-31T08:15:23","modified_gmt":"2025-03-31T06:15:23","slug":"introduktion","status":"publish","type":"page","link":"https:\/\/amar.yamedia.fi\/OyHMolander\/wordpress\/","title":{"rendered":"Introduktion Transport"},"content":{"rendered":"\n<h1 class=\"wp-block-heading has-text-align-center\">Nuf\u00f6rtiden<\/h1>\n\n\n\n<p class=\"has-text-align-center\">Idag \u00e4r vi tv\u00e5 personer som arbetar heltid p\u00e5 Oy H Molander, men under vinterhalv\u00e5ret ut\u00f6kar vi personalstyrkan till mellan fem och sex personer f\u00f6r att m\u00f6ta det \u00f6kade behovet av sn\u00f6r\u00f6jning och halkbek\u00e4mpning. Vi \u00e4r specialiserade p\u00e5 transport, grus- och sn\u00f6arbeten samt olika entreprenadtj\u00e4nster som underl\u00e4ttar vardagen f\u00f6r b\u00e5de privatpersoner och f\u00f6retag i Kokkola och dess omgivningar.<\/p>\n\n\n\n<h1 class=\"wp-block-heading has-text-align-center\">Erbjuder Variationer Av Tj\u00e4nster<\/h1>\n\n\n\n<p class=\"has-text-align-center\">Det b\u00e4sta med att driva ett eget f\u00f6retag \u00e4r friheten och m\u00f6jligheten att erbjuda en bred variation av tj\u00e4nster. Vi utf\u00f6r allt fr\u00e5n transport av grus och markberedning till sn\u00f6r\u00f6jning och andra anl\u00e4ggningsarbeten. Genom att anpassa v\u00e5ra tj\u00e4nster efter kundens behov kan vi garantera flexibla och effektiva l\u00f6sningar oavsett \u00e5rstid.<\/p>\n\n\n\n<h1 class=\"wp-block-heading has-text-align-center\">Sn\u00f6arbete och Ploggning<\/h1>\n\n\n\n<p class=\"has-text-align-center\">Under vinterhalv\u00e5ret \u00e4r efterfr\u00e5gan p\u00e5 v\u00e5ra sn\u00f6relaterade tj\u00e4nster stor. Vi ser till att fastigheter, v\u00e4gar och g\u00e5rdsplaner h\u00e5lls framkomliga och s\u00e4kra genom plogning, sn\u00f6bortk\u00f6rning och maskinell borstning. Tack vare v\u00e5r moderna maskinpark kan vi snabbt och effektivt hantera \u00e4ven stora sn\u00f6m\u00e4ngder..<\/p>\n\n\n\n<figure class=\"wp-block-gallery has-nested-images columns-default is-cropped wp-block-gallery-1 is-layout-flex wp-block-gallery-is-layout-flex\">\n<figure class=\"wp-block-image size-large\"><a href=\"https:\/\/www.hmolander.fi\/\"><img loading=\"lazy\" decoding=\"async\" width=\"1024\" height=\"768\" data-id=\"105\" src=\"https:\/\/amar.yamedia.fi\/OyHMolander\/wordpress\/wp-content\/uploads\/2025\/03\/redigerad9-1024x768.jpg\" alt=\"en bild som \u00e4r en lastbil p\u00e5 kv\u00e4llen\" class=\"wp-image-105\" srcset=\"https:\/\/amar.yamedia.fi\/OyHMolander\/wordpress\/wp-content\/uploads\/2025\/03\/redigerad9-1024x768.jpg 1024w, https:\/\/amar.yamedia.fi\/OyHMolander\/wordpress\/wp-content\/uploads\/2025\/03\/redigerad9-300x225.jpg 300w, https:\/\/amar.yamedia.fi\/OyHMolander\/wordpress\/wp-content\/uploads\/2025\/03\/redigerad9-768x576.jpg 768w, https:\/\/amar.yamedia.fi\/OyHMolander\/wordpress\/wp-content\/uploads\/2025\/03\/redigerad9-1536x1152.jpg 1536w, https:\/\/amar.yamedia.fi\/OyHMolander\/wordpress\/wp-content\/uploads\/2025\/03\/redigerad9-1140x855.jpg 1140w, https:\/\/amar.yamedia.fi\/OyHMolander\/wordpress\/wp-content\/uploads\/2025\/03\/redigerad9.jpg 2000w\" sizes=\"auto, (max-width: 1024px) 100vw, 1024px\" \/><\/a><\/figure>\n\n\n\n<figure class=\"wp-block-image size-large\"><a href=\"https:\/\/www.hmolander.fi\/\"><img loading=\"lazy\" decoding=\"async\" width=\"1024\" height=\"768\" data-id=\"106\" src=\"https:\/\/amar.yamedia.fi\/OyHMolander\/wordpress\/wp-content\/uploads\/2025\/03\/redigerad13-1024x768.jpg\" alt=\"en bild som \u00e4r tv\u00e5 lastbilar i m\u00f6rket\" class=\"wp-image-106\" srcset=\"https:\/\/amar.yamedia.fi\/OyHMolander\/wordpress\/wp-content\/uploads\/2025\/03\/redigerad13-1024x768.jpg 1024w, https:\/\/amar.yamedia.fi\/OyHMolander\/wordpress\/wp-content\/uploads\/2025\/03\/redigerad13-300x225.jpg 300w, https:\/\/amar.yamedia.fi\/OyHMolander\/wordpress\/wp-content\/uploads\/2025\/03\/redigerad13-768x576.jpg 768w, https:\/\/amar.yamedia.fi\/OyHMolander\/wordpress\/wp-content\/uploads\/2025\/03\/redigerad13-1536x1152.jpg 1536w, https:\/\/amar.yamedia.fi\/OyHMolander\/wordpress\/wp-content\/uploads\/2025\/03\/redigerad13-1140x855.jpg 1140w, https:\/\/amar.yamedia.fi\/OyHMolander\/wordpress\/wp-content\/uploads\/2025\/03\/redigerad13.jpg 2048w\" sizes=\"auto, (max-width: 1024px) 100vw, 1024px\" \/><\/a><\/figure>\n\n\n\n<figure class=\"wp-block-image size-large\"><a href=\"https:\/\/www.hmolander.fi\/\"><img loading=\"lazy\" decoding=\"async\" width=\"768\" height=\"1024\" data-id=\"107\" src=\"https:\/\/amar.yamedia.fi\/OyHMolander\/wordpress\/wp-content\/uploads\/2025\/03\/redigerad19-768x1024.jpg\" alt=\"en bild av en lastbil och en skoptraktorn \" class=\"wp-image-107\" srcset=\"https:\/\/amar.yamedia.fi\/OyHMolander\/wordpress\/wp-content\/uploads\/2025\/03\/redigerad19-768x1024.jpg 768w, https:\/\/amar.yamedia.fi\/OyHMolander\/wordpress\/wp-content\/uploads\/2025\/03\/redigerad19-225x300.jpg 225w, https:\/\/amar.yamedia.fi\/OyHMolander\/wordpress\/wp-content\/uploads\/2025\/03\/redigerad19-1152x1536.jpg 1152w, https:\/\/amar.yamedia.fi\/OyHMolander\/wordpress\/wp-content\/uploads\/2025\/03\/redigerad19-1140x1520.jpg 1140w, https:\/\/amar.yamedia.fi\/OyHMolander\/wordpress\/wp-content\/uploads\/2025\/03\/redigerad19.jpg 1200w\" sizes=\"auto, (max-width: 768px) 100vw, 768px\" \/><\/a><\/figure>\n\n\n\n<figure class=\"wp-block-image size-large\"><a href=\"https:\/\/www.hmolander.fi\/\"><img loading=\"lazy\" decoding=\"async\" width=\"1024\" height=\"768\" data-id=\"178\" src=\"https:\/\/amar.yamedia.fi\/OyHMolander\/wordpress\/wp-content\/uploads\/2025\/03\/IMG-20220215-WA0003-1024x768.jpg\" alt=\"en bild av en skoptraktorn som har sn\u00f6n med sig\" class=\"wp-image-178\" srcset=\"https:\/\/amar.yamedia.fi\/OyHMolander\/wordpress\/wp-content\/uploads\/2025\/03\/IMG-20220215-WA0003-1024x768.jpg 1024w, https:\/\/amar.yamedia.fi\/OyHMolander\/wordpress\/wp-content\/uploads\/2025\/03\/IMG-20220215-WA0003-300x225.jpg 300w, https:\/\/amar.yamedia.fi\/OyHMolander\/wordpress\/wp-content\/uploads\/2025\/03\/IMG-20220215-WA0003-768x576.jpg 768w, https:\/\/amar.yamedia.fi\/OyHMolander\/wordpress\/wp-content\/uploads\/2025\/03\/IMG-20220215-WA0003-1536x1152.jpg 1536w, https:\/\/amar.yamedia.fi\/OyHMolander\/wordpress\/wp-content\/uploads\/2025\/03\/IMG-20220215-WA0003-1140x855.jpg 1140w, https:\/\/amar.yamedia.fi\/OyHMolander\/wordpress\/wp-content\/uploads\/2025\/03\/IMG-20220215-WA0003.jpg 2000w\" sizes=\"auto, (max-width: 1024px) 100vw, 1024px\" \/><\/a><\/figure>\n\n\n\n<figure class=\"wp-block-image size-large\"><a href=\"https:\/\/www.hmolander.fi\/\"><img loading=\"lazy\" decoding=\"async\" width=\"1024\" height=\"768\" data-id=\"115\" src=\"https:\/\/amar.yamedia.fi\/OyHMolander\/wordpress\/wp-content\/uploads\/2025\/03\/redigerad17-1024x768.jpg\" alt=\"en bild av tre skoptraktorn p\u00e5 kv\u00e4llen\" class=\"wp-image-115\" srcset=\"https:\/\/amar.yamedia.fi\/OyHMolander\/wordpress\/wp-content\/uploads\/2025\/03\/redigerad17-1024x768.jpg 1024w, https:\/\/amar.yamedia.fi\/OyHMolander\/wordpress\/wp-content\/uploads\/2025\/03\/redigerad17-300x225.jpg 300w, https:\/\/amar.yamedia.fi\/OyHMolander\/wordpress\/wp-content\/uploads\/2025\/03\/redigerad17-768x576.jpg 768w, https:\/\/amar.yamedia.fi\/OyHMolander\/wordpress\/wp-content\/uploads\/2025\/03\/redigerad17-1536x1152.jpg 1536w, https:\/\/amar.yamedia.fi\/OyHMolander\/wordpress\/wp-content\/uploads\/2025\/03\/redigerad17-1140x855.jpg 1140w, https:\/\/amar.yamedia.fi\/OyHMolander\/wordpress\/wp-content\/uploads\/2025\/03\/redigerad17.jpg 2048w\" sizes=\"auto, (max-width: 1024px) 100vw, 1024px\" \/><\/a><\/figure>\n\n\n\n<figure class=\"wp-block-image size-large\"><a href=\"https:\/\/www.hmolander.fi\/\"><img loading=\"lazy\" decoding=\"async\" width=\"768\" height=\"1024\" data-id=\"116\" src=\"https:\/\/amar.yamedia.fi\/OyHMolander\/wordpress\/wp-content\/uploads\/2025\/03\/redigerad12-768x1024.jpg\" alt=\"en bild av en sk\u00e5pbil\" class=\"wp-image-116\" srcset=\"https:\/\/amar.yamedia.fi\/OyHMolander\/wordpress\/wp-content\/uploads\/2025\/03\/redigerad12-768x1024.jpg 768w, https:\/\/amar.yamedia.fi\/OyHMolander\/wordpress\/wp-content\/uploads\/2025\/03\/redigerad12-225x300.jpg 225w, https:\/\/amar.yamedia.fi\/OyHMolander\/wordpress\/wp-content\/uploads\/2025\/03\/redigerad12-1152x1536.jpg 1152w, https:\/\/amar.yamedia.fi\/OyHMolander\/wordpress\/wp-content\/uploads\/2025\/03\/redigerad12-1140x1520.jpg 1140w, https:\/\/amar.yamedia.fi\/OyHMolander\/wordpress\/wp-content\/uploads\/2025\/03\/redigerad12.jpg 1536w\" sizes=\"auto, (max-width: 768px) 100vw, 768px\" \/><\/a><\/figure>\n<\/figure>\n\n\n\n<p class=\"has-text-align-center\"><\/p>\n\n\n\n<h1 class=\"wp-block-heading has-text-align-center\">Bygg- och anl\u00e4ggningsprojekt<\/h1>\n\n\n\n<p class=\"has-text-align-center\">P\u00e5 sommaren skiftar fokus till transport och grus- och sn\u00f6arbeten, d\u00e4r vi hj\u00e4lper till med grustransporter, markberedning och andra jordbyggnadsprojekt. Vi samarbetar med b\u00e5de privatpersoner och f\u00f6retag f\u00f6r att s\u00e4kerst\u00e4lla att alla bygg- och anl\u00e4ggningsprojekt f\u00e5r r\u00e4tt material i r\u00e4tt tid.<\/p>\n\n\n\n<h1 class=\"wp-block-heading has-text-align-center\">Str\u00e4ver H\u00f6gkvalitativa Tj\u00e4nster<\/h1>\n\n\n\n<p class=\"has-text-align-center\">Med l\u00e5ng erfarenhet och en stark vilja att utvecklas str\u00e4var vi alltid efter att leverera h\u00f6gkvalitativa tj\u00e4nster. Vi \u00e4r stolta \u00f6ver v\u00e5r verksamhet och ser fram emot att forts\u00e4tta v\u00e4xa och m\u00f6ta nya utmaningar \u2013 alltid med v\u00e5ra kunder i fokus.<\/p>\n\n\n\n<h1 class=\"wp-block-heading has-text-align-center\">Forts\u00e4tta Med Nya Utmaningar<\/h1>\n\n\n\n<p class=\"has-text-align-center\">Vi ser fram emot att forts\u00e4tta v\u00e4xa och m\u00f6ta nya utmaningar, samtidigt som vi h\u00e5ller fast vid den familj\u00e4ra k\u00e4nslan och de v\u00e4rderingar som v\u00e5rt f\u00f6retag byggts upp kring.<\/p>\n\n\n\n<p class=\"has-text-align-center\"><a href=\"https:\/\/amar.yamedia.fi\/OyHMolander\/wordpress\/\">Tillbaka till hemsidan<\/a><\/p>\n\n\n\n<p><\/p>\n","protected":false},"excerpt":{"rendered":"<p>Nuf\u00f6rtiden Idag \u00e4r vi tv\u00e5 personer som arbetar heltid p\u00e5 Oy H Molander, men under vinterhalv\u00e5ret ut\u00f6kar vi personalstyrkan till mellan fem och sex personer f\u00f6r att m\u00f6ta det \u00f6kade behovet av sn\u00f6r\u00f6jning och halkbek\u00e4mpning. Vi \u00e4r specialiserade p\u00e5 transport, grus- och sn\u00f6arbeten samt olika entreprenadtj\u00e4nster som underl\u00e4ttar vardagen f\u00f6r b\u00e5de privatpersoner och f\u00f6retag i Kokkola och dess omgivningar. Erbjuder Variationer Av Tj\u00e4nster Det b\u00e4sta med att driva ett eget f\u00f6retag \u00e4r friheten och m\u00f6jligheten att erbjuda en bred variation av tj\u00e4nster. Vi utf\u00f6r allt fr\u00e5n transport av grus och markberedning till sn\u00f6r\u00f6jning och andra anl\u00e4ggningsarbeten. Genom att anpassa v\u00e5ra tj\u00e4nster efter kundens behov kan vi garantera flexibla och effektiva l\u00f6sningar oavsett \u00e5rstid. Sn\u00f6arbete och Ploggning Under vinterhalv\u00e5ret \u00e4r efterfr\u00e5gan p\u00e5 v\u00e5ra sn\u00f6relaterade tj\u00e4nster stor. Vi ser till att fastigheter, v\u00e4gar och g\u00e5rdsplaner h\u00e5lls framkomliga och s\u00e4kra genom plogning, sn\u00f6bortk\u00f6rning och maskinell borstning. Tack vare v\u00e5r moderna maskinpark kan vi snabbt och effektivt hantera \u00e4ven stora sn\u00f6m\u00e4ngder.. Bygg- och anl\u00e4ggningsprojekt P\u00e5 sommaren skiftar fokus till transport och grus- och sn\u00f6arbeten, d\u00e4r vi hj\u00e4lper till med grustransporter, markberedning och andra jordbyggnadsprojekt. Vi samarbetar med b\u00e5de privatpersoner och f\u00f6retag f\u00f6r att s\u00e4kerst\u00e4lla att alla bygg- och anl\u00e4ggningsprojekt f\u00e5r r\u00e4tt material i r\u00e4tt tid. Str\u00e4ver H\u00f6gkvalitativa Tj\u00e4nster Med l\u00e5ng erfarenhet och en stark vilja att utvecklas str\u00e4var vi alltid efter att leverera h\u00f6gkvalitativa tj\u00e4nster. Vi \u00e4r stolta \u00f6ver v\u00e5r verksamhet och ser fram emot att forts\u00e4tta v\u00e4xa och m\u00f6ta nya utmaningar \u2013 alltid med v\u00e5ra kunder i fokus. Forts\u00e4tta Med Nya Utmaningar Vi ser fram emot att forts\u00e4tta v\u00e4xa och m\u00f6ta nya utmaningar, samtidigt som vi h\u00e5ller fast vid den familj\u00e4ra k\u00e4nslan och de v\u00e4rderingar som v\u00e5rt f\u00f6retag byggts upp kring. Tillbaka till hemsidan<\/p>\n","protected":false},"author":1,"featured_media":0,"parent":0,"menu_order":0,"comment_status":"closed","ping_status":"closed","template":"","meta":{"footnotes":""},"class_list":["post-95","page","type-page","status-publish","hentry"],"yoast_head":"<!-- This site is optimized with the Yoast SEO plugin v24.7 - https:\/\/yoast.com\/wordpress\/plugins\/seo\/ -->\n<title>Introduktion Transport - Oy H Molander<\/title>\n<meta name=\"description\" content=\"H\u00e4r kan du l\u00e4sa och see om v\u00e5ra inroduktion som fokuserar om v\u00e5r f\u00f6retag\" \/>\n<meta name=\"robots\" content=\"index, follow, max-snippet:-1, max-image-preview:large, max-video-preview:-1\" \/>\n<link rel=\"canonical\" href=\"https:\/\/amar.yamedia.fi\/OyHMolander\/wordpress\/\" \/>\n<meta property=\"og:locale\" content=\"sv_SE\" \/>\n<meta property=\"og:type\" content=\"article\" \/>\n<meta property=\"og:title\" content=\"Introduktion Transport - Oy H Molander\" \/>\n<meta property=\"og:description\" content=\"H\u00e4r kan du l\u00e4sa och see om v\u00e5ra inroduktion som fokuserar om v\u00e5r f\u00f6retag\" \/>\n<meta property=\"og:url\" content=\"https:\/\/amar.yamedia.fi\/OyHMolander\/wordpress\/\" \/>\n<meta property=\"og:site_name\" content=\"Oy H Molander\" \/>\n<meta property=\"article:publisher\" content=\"https:\/\/www.facebook.com\/h.molander\" \/>\n<meta property=\"og:image\" content=\"https:\/\/amar.yamedia.fi\/OyHMolander\/wordpress\/wp-content\/uploads\/2025\/03\/redigerad9.jpg\" \/>\n\t<meta property=\"og:image:width\" content=\"2000\" \/>\n\t<meta property=\"og:image:height\" content=\"1500\" \/>\n\t<meta property=\"og:image:type\" content=\"image\/jpeg\" \/>\n<meta name=\"twitter:card\" content=\"summary_large_image\" \/>\n<meta name=\"twitter:label1\" content=\"Ber\u00e4knad l\u00e4stid\" \/>\n\t<meta name=\"twitter:data1\" content=\"3 minuter\" \/>\n<script type=\"application\/ld+json\" class=\"yoast-schema-graph\">{\"@context\":\"https:\/\/schema.org\",\"@graph\":[{\"@type\":\"WebPage\",\"@id\":\"https:\/\/amar.yamedia.fi\/OyHMolander\/wordpress\/\",\"url\":\"https:\/\/amar.yamedia.fi\/OyHMolander\/wordpress\/\",\"name\":\"Introduktion Transport - Oy H Molander\",\"isPartOf\":{\"@id\":\"https:\/\/amar.yamedia.fi\/OyHMolander\/wordpress\/#website\"},\"primaryImageOfPage\":{\"@id\":\"https:\/\/amar.yamedia.fi\/OyHMolander\/wordpress\/#primaryimage\"},\"image\":{\"@id\":\"https:\/\/amar.yamedia.fi\/OyHMolander\/wordpress\/#primaryimage\"},\"thumbnailUrl\":\"https:\/\/amar.yamedia.fi\/OyHMolander\/wordpress\/wp-content\/uploads\/2025\/03\/redigerad9-1024x768.jpg\",\"datePublished\":\"2025-03-31T06:15:23+00:00\",\"description\":\"H\u00e4r kan du l\u00e4sa och see om v\u00e5ra inroduktion som fokuserar om v\u00e5r f\u00f6retag\",\"breadcrumb\":{\"@id\":\"https:\/\/amar.yamedia.fi\/OyHMolander\/wordpress\/#breadcrumb\"},\"inLanguage\":\"sv-SE\",\"potentialAction\":[{\"@type\":\"ReadAction\",\"target\":[\"https:\/\/amar.yamedia.fi\/OyHMolander\/wordpress\/\"]}]},{\"@type\":\"ImageObject\",\"inLanguage\":\"sv-SE\",\"@id\":\"https:\/\/amar.yamedia.fi\/OyHMolander\/wordpress\/#primaryimage\",\"url\":\"https:\/\/amar.yamedia.fi\/OyHMolander\/wordpress\/wp-content\/uploads\/2025\/03\/redigerad9.jpg\",\"contentUrl\":\"https:\/\/amar.yamedia.fi\/OyHMolander\/wordpress\/wp-content\/uploads\/2025\/03\/redigerad9.jpg\",\"width\":2000,\"height\":1500},{\"@type\":\"BreadcrumbList\",\"@id\":\"https:\/\/amar.yamedia.fi\/OyHMolander\/wordpress\/#breadcrumb\",\"itemListElement\":[{\"@type\":\"ListItem\",\"position\":1,\"name\":\"Hem\",\"item\":\"https:\/\/amar.yamedia.fi\/OyHMolander\/wordpress\/\"},{\"@type\":\"ListItem\",\"position\":2,\"name\":\"Introduktion Transport\"}]},{\"@type\":\"WebSite\",\"@id\":\"https:\/\/amar.yamedia.fi\/OyHMolander\/wordpress\/#website\",\"url\":\"https:\/\/amar.yamedia.fi\/OyHMolander\/wordpress\/\",\"name\":\"Oy H Molander\",\"description\":\"\",\"publisher\":{\"@id\":\"https:\/\/amar.yamedia.fi\/OyHMolander\/wordpress\/#organization\"},\"potentialAction\":[{\"@type\":\"SearchAction\",\"target\":{\"@type\":\"EntryPoint\",\"urlTemplate\":\"https:\/\/amar.yamedia.fi\/OyHMolander\/wordpress\/?s={search_term_string}\"},\"query-input\":{\"@type\":\"PropertyValueSpecification\",\"valueRequired\":true,\"valueName\":\"search_term_string\"}}],\"inLanguage\":\"sv-SE\"},{\"@type\":\"Organization\",\"@id\":\"https:\/\/amar.yamedia.fi\/OyHMolander\/wordpress\/#organization\",\"name\":\"Oy H Molander\",\"url\":\"https:\/\/amar.yamedia.fi\/OyHMolander\/wordpress\/\",\"logo\":{\"@type\":\"ImageObject\",\"inLanguage\":\"sv-SE\",\"@id\":\"https:\/\/amar.yamedia.fi\/OyHMolander\/wordpress\/#\/schema\/logo\/image\/\",\"url\":\"https:\/\/amar.yamedia.fi\/OyHMolander\/wordpress\/wp-content\/uploads\/2025\/03\/cropped-cropped-cropped-Untitled-design-2.png\",\"contentUrl\":\"https:\/\/amar.yamedia.fi\/OyHMolander\/wordpress\/wp-content\/uploads\/2025\/03\/cropped-cropped-cropped-Untitled-design-2.png\",\"width\":3374,\"height\":595,\"caption\":\"Oy H Molander\"},\"image\":{\"@id\":\"https:\/\/amar.yamedia.fi\/OyHMolander\/wordpress\/#\/schema\/logo\/image\/\"},\"sameAs\":[\"https:\/\/www.facebook.com\/h.molander\",\"https:\/\/www.hmolander.fi\",\"https:\/\/www.instagram.com\/oyhmolanderab\"]}]}<\/script>\n<!-- \/ Yoast SEO plugin. -->","yoast_head_json":{"title":"Introduktion Transport - Oy H Molander","description":"H\u00e4r kan du l\u00e4sa och see om v\u00e5ra inroduktion som fokuserar om v\u00e5r f\u00f6retag","robots":{"index":"index","follow":"follow","max-snippet":"max-snippet:-1","max-image-preview":"max-image-preview:large","max-video-preview":"max-video-preview:-1"},"canonical":"https:\/\/amar.yamedia.fi\/OyHMolander\/wordpress\/","og_locale":"sv_SE","og_type":"article","og_title":"Introduktion Transport - Oy H Molander","og_description":"H\u00e4r kan du l\u00e4sa och see om v\u00e5ra inroduktion som fokuserar om v\u00e5r f\u00f6retag","og_url":"https:\/\/amar.yamedia.fi\/OyHMolander\/wordpress\/","og_site_name":"Oy H Molander","article_publisher":"https:\/\/www.facebook.com\/h.molander","og_image":[{"width":2000,"height":1500,"url":"https:\/\/amar.yamedia.fi\/OyHMolander\/wordpress\/wp-content\/uploads\/2025\/03\/redigerad9.jpg","type":"image\/jpeg"}],"twitter_card":"summary_large_image","twitter_misc":{"Ber\u00e4knad l\u00e4stid":"3 minuter"},"schema":{"@context":"https:\/\/schema.org","@graph":[{"@type":"WebPage","@id":"https:\/\/amar.yamedia.fi\/OyHMolander\/wordpress\/","url":"https:\/\/amar.yamedia.fi\/OyHMolander\/wordpress\/","name":"Introduktion Transport - Oy H Molander","isPartOf":{"@id":"https:\/\/amar.yamedia.fi\/OyHMolander\/wordpress\/#website"},"primaryImageOfPage":{"@id":"https:\/\/amar.yamedia.fi\/OyHMolander\/wordpress\/#primaryimage"},"image":{"@id":"https:\/\/amar.yamedia.fi\/OyHMolander\/wordpress\/#primaryimage"},"thumbnailUrl":"https:\/\/amar.yamedia.fi\/OyHMolander\/wordpress\/wp-content\/uploads\/2025\/03\/redigerad9-1024x768.jpg","datePublished":"2025-03-31T06:15:23+00:00","description":"H\u00e4r kan du l\u00e4sa och see om v\u00e5ra inroduktion som fokuserar om v\u00e5r f\u00f6retag","breadcrumb":{"@id":"https:\/\/amar.yamedia.fi\/OyHMolander\/wordpress\/#breadcrumb"},"inLanguage":"sv-SE","potentialAction":[{"@type":"ReadAction","target":["https:\/\/amar.yamedia.fi\/OyHMolander\/wordpress\/"]}]},{"@type":"ImageObject","inLanguage":"sv-SE","@id":"https:\/\/amar.yamedia.fi\/OyHMolander\/wordpress\/#primaryimage","url":"https:\/\/amar.yamedia.fi\/OyHMolander\/wordpress\/wp-content\/uploads\/2025\/03\/redigerad9.jpg","contentUrl":"https:\/\/amar.yamedia.fi\/OyHMolander\/wordpress\/wp-content\/uploads\/2025\/03\/redigerad9.jpg","width":2000,"height":1500},{"@type":"BreadcrumbList","@id":"https:\/\/amar.yamedia.fi\/OyHMolander\/wordpress\/#breadcrumb","itemListElement":[{"@type":"ListItem","position":1,"name":"Hem","item":"https:\/\/amar.yamedia.fi\/OyHMolander\/wordpress\/"},{"@type":"ListItem","position":2,"name":"Introduktion Transport"}]},{"@type":"WebSite","@id":"https:\/\/amar.yamedia.fi\/OyHMolander\/wordpress\/#website","url":"https:\/\/amar.yamedia.fi\/OyHMolander\/wordpress\/","name":"Oy H Molander","description":"","publisher":{"@id":"https:\/\/amar.yamedia.fi\/OyHMolander\/wordpress\/#organization"},"potentialAction":[{"@type":"SearchAction","target":{"@type":"EntryPoint","urlTemplate":"https:\/\/amar.yamedia.fi\/OyHMolander\/wordpress\/?s={search_term_string}"},"query-input":{"@type":"PropertyValueSpecification","valueRequired":true,"valueName":"search_term_string"}}],"inLanguage":"sv-SE"},{"@type":"Organization","@id":"https:\/\/amar.yamedia.fi\/OyHMolander\/wordpress\/#organization","name":"Oy H Molander","url":"https:\/\/amar.yamedia.fi\/OyHMolander\/wordpress\/","logo":{"@type":"ImageObject","inLanguage":"sv-SE","@id":"https:\/\/amar.yamedia.fi\/OyHMolander\/wordpress\/#\/schema\/logo\/image\/","url":"https:\/\/amar.yamedia.fi\/OyHMolander\/wordpress\/wp-content\/uploads\/2025\/03\/cropped-cropped-cropped-Untitled-design-2.png","contentUrl":"https:\/\/amar.yamedia.fi\/OyHMolander\/wordpress\/wp-content\/uploads\/2025\/03\/cropped-cropped-cropped-Untitled-design-2.png","width":3374,"height":595,"caption":"Oy H Molander"},"image":{"@id":"https:\/\/amar.yamedia.fi\/OyHMolander\/wordpress\/#\/schema\/logo\/image\/"},"sameAs":["https:\/\/www.facebook.com\/h.molander","https:\/\/www.hmolander.fi","https:\/\/www.instagram.com\/oyhmolanderab"]}]}},"_links":{"self":[{"href":"https:\/\/amar.yamedia.fi\/OyHMolander\/wordpress\/wp-json\/wp\/v2\/pages\/95","targetHints":{"allow":["GET"]}}],"collection":[{"href":"https:\/\/amar.yamedia.fi\/OyHMolander\/wordpress\/wp-json\/wp\/v2\/pages"}],"about":[{"href":"https:\/\/amar.yamedia.fi\/OyHMolander\/wordpress\/wp-json\/wp\/v2\/types\/page"}],"author":[{"embeddable":true,"href":"https:\/\/amar.yamedia.fi\/OyHMolander\/wordpress\/wp-json\/wp\/v2\/users\/1"}],"replies":[{"embeddable":true,"href":"https:\/\/amar.yamedia.fi\/OyHMolander\/wordpress\/wp-json\/wp\/v2\/comments?post=95"}],"version-history":[{"count":32,"href":"https:\/\/amar.yamedia.fi\/OyHMolander\/wordpress\/wp-json\/wp\/v2\/pages\/95\/revisions"}],"predecessor-version":[{"id":217,"href":"https:\/\/amar.yamedia.fi\/OyHMolander\/wordpress\/wp-json\/wp\/v2\/pages\/95\/revisions\/217"}],"wp:attachment":[{"href":"https:\/\/amar.yamedia.fi\/OyHMolander\/wordpress\/wp-json\/wp\/v2\/media?parent=95"}],"curies":[{"name":"wp","href":"https:\/\/api.w.org\/{rel}","templated":true}]}}